{"id":13,"date":"2025-09-06T06:51:38","date_gmt":"2025-09-06T06:51:38","guid":{"rendered":"https:\/\/luck8hn.com\/?page_id=13"},"modified":"2025-09-06T06:55:29","modified_gmt":"2025-09-06T06:55:29","slug":"trang-chu-luck8","status":"publish","type":"page","link":"https:\/\/luck8hn.com\/","title":{"rendered":"Luck8 \u2013 C\u1ed5ng Game Uy T\u00edn, \u0110\u1ed5i Th\u01b0\u1edfng Nhanh"},"content":{"rendered":"\n\t<section class=\"section\" id=\"section_476661052\">\n\t\t<div class=\"section-bg fill\" >\n\t\t\t\t\t\t\t\t\t\n\t\t\t\n\n\t\t<\/div>\n\n\t\t\n\n\t\t<div class=\"section-content relative\">\n\t\t\t\n\t<div class=\"img has-hover x md-x lg-x y md-y lg-y\" id=\"image_883752732\">\n\t\t\t\t\t\t\t\t<div class=\"img-inner dark\" >\n\t\t\t<img loading=\"lazy\" decoding=\"async\" width=\"1020\" height=\"274\" src=\"https:\/\/luck8hn.com\/wp-content\/uploads\/2025\/09\/banner-luck8-1-min-1024x275.png\" class=\"attachment-large size-large\" alt=\"\" srcset=\"https:\/\/luck8hn.com\/wp-content\/uploads\/2025\/09\/banner-luck8-1-min-1024x275.png 1024w, https:\/\/luck8hn.com\/wp-content\/uploads\/2025\/09\/banner-luck8-1-min-300x81.png 300w, https:\/\/luck8hn.com\/wp-content\/uploads\/2025\/09\/banner-luck8-1-min-768x206.png 768w, https:\/\/luck8hn.com\/wp-content\/uploads\/2025\/09\/banner-luck8-1-min-1536x413.png 1536w, https:\/\/luck8hn.com\/wp-content\/uploads\/2025\/09\/banner-luck8-1-min.png 2048w\" sizes=\"auto, (max-width: 1020px) 100vw, 1020px\" \/>\t\t\t\t\t\t\n\t\t\t\t\t<\/div>\n\t\t\t\t\t\t\t\t\n<style>\n#image_883752732 {\n  width: 100%;\n}\n<\/style>\n\t<\/div>\n\t\n\t\t<\/div>\n\n\t\t\n<style>\n#section_476661052 {\n  padding-top: 30px;\n  padding-bottom: 30px;\n}\n<\/style>\n\t<\/section>\n\t\n<div class=\"row\"  id=\"row-1783074396\">\n\n\t<div id=\"col-17443484\" class=\"col small-12 large-12\"  >\n\t\t\t\t<div class=\"col-inner\"  >\n\t\t\t\n\t\t\t\n<p>LUCK8 \u0111ang t\u1eebng b\u01b0\u1edbc kh\u1eb3ng \u0111\u1ecbnh t\u00ean tu\u1ed5i c\u1ee7a m\u00ecnh trong th\u1ebf gi\u1edbi gi\u1ea3i tr\u00ed tr\u1ef1c tuy\u1ebfn, tr\u1edf th\u00e0nh \u0111i\u1ec3m \u0111\u1ebfn quen thu\u1ed9c c\u1ee7a \u0111\u00f4ng \u0111\u1ea3o anh em \u0111am m\u00ea c\u00e1 c\u01b0\u1ee3c. T\u1eeb nh\u1eefng tr\u1eadn c\u1ea7u \u0111\u1ec9nh cao \u0111\u1ebfn c\u00e1c game casino \u0111\u1ea7y k\u1ecbch t\u00ednh, t\u1eeb nh\u1eefng v\u00f2ng quay slot may m\u1eafn cho \u0111\u1ebfn c\u00e1c b\u00e0n ch\u01a1i b\u00e0i chi\u1ebfn thu\u1eadt \u2013 t\u1ea5t c\u1ea3 \u0111\u1ec1u h\u1ed9i t\u1ee5 t\u1ea1i Trang ch\u1ee7 LUCK8, n\u01a1i m\u1ecdi tr\u1ea3i nghi\u1ec7m \u0111\u1ec1u \u0111\u01b0\u1ee3c ch\u0103m ch\u00fat k\u1ef9 l\u01b0\u1ee1ng.<\/p>\n<p>Nh\u00e0 c\u00e1i kh\u00f4ng ch\u1ec9 \u0111\u1ea7u t\u01b0 v\u00e0o giao di\u1ec7n m\u01b0\u1ee3t m\u00e0, d\u1ec5 thao t\u00e1c tr\u00ean c\u1ea3 m\u00e1y t\u00ednh v\u00e0 \u0111i\u1ec7n tho\u1ea1i, m\u00e0 c\u00f2n \u0111\u1eb7t y\u1ebfu t\u1ed1 minh b\u1ea1ch, c\u00f4ng b\u1eb1ng l\u00ean h\u00e0ng \u0111\u1ea7u. Ch\u00ednh s\u1ef1 chuy\u00ean nghi\u1ec7p v\u00e0 t\u1eadn t\u00e2m n\u00e0y \u0111\u00e3 gi\u00fap LUCK8 ghi \u0111i\u1ec3m trong l\u00f2ng ng\u01b0\u1eddi ch\u01a1i, \u0111\u1eb7c bi\u1ec7t l\u00e0 nh\u1eefng ai \u0111\u1ec1 cao s\u1ef1 uy t\u00edn v\u00e0 an to\u00e0n.<\/p>\n<p>V\u1edbi t\u00f4n ch\u1ec9 \u201cgi\u1ea3i tr\u00ed \u0111i k\u00e8m gi\u00e1 tr\u1ecb th\u1ef1c\u201d, LUCK8 kh\u00f4ng ng\u1eebng c\u1eadp nh\u1eadt c\u00e1c xu h\u01b0\u1edbng m\u1edbi nh\u1ea5t trong l\u00e0ng c\u00e1 c\u01b0\u1ee3c \u2013 t\u1eeb c\u00e1c gi\u1ea3i \u0111\u1ea5u th\u1ec3 thao n\u00f3ng h\u1ed5i, nh\u1eefng game b\u00e0i \u0111\u1ed5i th\u01b0\u1edfng \u0111\u1eb7c s\u1eafc, cho t\u1edbi c\u00e1c slot game c\u00f4ng ngh\u1ec7 cao mang l\u1ea1i t\u1ef7 l\u1ec7 th\u1eafng c\u1ef1c h\u1ea5p d\u1eabn. T\u1ea1i \u0111\u00e2y, anh em kh\u00f4ng ch\u1ec9 \u0111\u01b0\u1ee3c ch\u01a1i m\u00e0 c\u00f2n \u0111\u01b0\u1ee3c ph\u1ee5c v\u1ee5 t\u1eadn t\u00ecnh, v\u1edbi \u0111\u1ed9i ng\u0169 h\u1ed7 tr\u1ee3 lu\u00f4n s\u1eb5n s\u00e0ng 24\/7.<\/p>\n<p><strong>Gi\u1edbi Thi\u1ec7u V\u1ec1 LUCK8 \u2013 M\u1ed9t Nh\u00e0 C\u00e1i Tr\u1ebb Nh\u01b0ng Kh\u00f4ng Thi\u1ebfu \u0110\u1eb3ng C\u1ea5p<\/strong><\/p>\n<p>Trong b\u1ed1i c\u1ea3nh ng\u00e0nh c\u00e1 c\u01b0\u1ee3c tr\u1ef1c tuy\u1ebfn ng\u00e0y c\u00e0ng ph\u00e1t tri\u1ec3n, LUCK8 n\u1ed5i l\u00ean nh\u01b0 m\u1ed9t th\u01b0\u01a1ng hi\u1ec7u m\u1edbi nh\u01b0ng c\u00f3 h\u01b0\u1edbng \u0111i r\u00f5 r\u00e0ng v\u00e0 b\u00e0i b\u1ea3n. T\u1eeb nh\u1eefng ng\u00e0y \u0111\u1ea7u th\u00e0nh l\u1eadp, \u0111\u1ed9i ng\u0169 ph\u00e1t tri\u1ec3n \u0111\u00e3 x\u00e1c \u0111\u1ecbnh m\u1ee5c ti\u00eau: x\u00e2y d\u1ef1ng m\u1ed9t h\u1ec7 sinh th\u00e1i c\u00e1 c\u01b0\u1ee3c uy t\u00edn, minh b\u1ea1ch v\u00e0 th\u00e2n thi\u1ec7n v\u1edbi ng\u01b0\u1eddi ch\u01a1i Vi\u1ec7t.<\/p>\n<p>\u0110i\u1ec3m m\u1ea1nh c\u1ee7a LUCK8 \u0111\u1ebfn t\u1eeb n\u1ec1n t\u1ea3ng c\u00f4ng ngh\u1ec7 hi\u1ec7n \u0111\u1ea1i. M\u1ecdi thao t\u00e1c t\u1eeb \u0111\u0103ng k\u00fd, \u0111\u0103ng nh\u1eadp, n\u1ea1p \u2013 r\u00fat ti\u1ec1n, \u0111\u1ebfn tham gia c\u01b0\u1ee3c \u0111\u1ec1u \u0111\u01b0\u1ee3c t\u1ed1i \u01b0u h\u00f3a \u0111\u1ec3 \u0111\u1ea3m b\u1ea3o t\u1ed1c \u0111\u1ed9 v\u00e0 s\u1ef1 an to\u00e0n tuy\u1ec7t \u0111\u1ed1i. \u0110\u1eb7c bi\u1ec7t, m\u1ecdi d\u1eef li\u1ec7u giao d\u1ecbch v\u00e0 th\u00f4ng tin ng\u01b0\u1eddi ch\u01a1i \u0111\u1ec1u \u0111\u01b0\u1ee3c m\u00e3 h\u00f3a b\u1eb1ng c\u00f4ng ngh\u1ec7 ti\u00ean ti\u1ebfn, \u0111\u1ea3m b\u1ea3o t\u00ednh b\u1ea3o m\u1eadt cao nh\u1ea5t.<\/p>\n<p><strong>L\u1ecbch S\u1eed H\u00ecnh Th\u00e0nh V\u00e0 H\u00e0nh Tr\u00ecnh Ph\u00e1t Tri\u1ec3n<\/strong><\/p>\n<p>LUCK8 ra \u0111\u1eddi t\u1eeb nhu c\u1ea7u th\u1ef1c t\u1ebf c\u1ee7a th\u1ecb tr\u01b0\u1eddng: ng\u01b0\u1eddi ch\u01a1i c\u1ea7n m\u1ed9t s\u00e2n ch\u01a1i v\u1eeba gi\u1ea3i tr\u00ed, v\u1eeba an to\u00e0n, l\u1ea1i \u0111\u01b0\u1ee3c h\u1ed7 tr\u1ee3 b\u00e0i b\u1ea3n. Ban \u0111\u1ea7u ch\u1ec9 l\u00e0 m\u1ed9t n\u1ec1n t\u1ea3ng nh\u1ecf, nh\u01b0ng v\u1edbi chi\u1ebfn l\u01b0\u1ee3c ph\u00e1t tri\u1ec3n r\u00f5 r\u00e0ng v\u00e0 tinh th\u1ea7n c\u1ea7u th\u1ecb, LUCK8 \u0111\u00e3 t\u1eebng b\u01b0\u1edbc x\u00e2y d\u1ef1ng \u0111\u01b0\u1ee3c c\u1ed9ng \u0111\u1ed3ng ng\u01b0\u1eddi ch\u01a1i \u0111\u00f4ng \u0111\u1ea3o v\u00e0 trung th\u00e0nh.<\/p>\n<p>Nh\u1eefng b\u01b0\u1edbc ti\u1ebfn \u0111\u00e1ng k\u1ec3 c\u1ee7a LUCK8 c\u00f3 th\u1ec3 th\u1ea5y r\u00f5 qua vi\u1ec7c h\u1ee3p t\u00e1c v\u1edbi c\u00e1c nh\u00e0 cung c\u1ea5p game uy t\u00edn, tri\u1ec3n khai h\u1ec7 th\u1ed1ng ch\u0103m s\u00f3c kh\u00e1ch h\u00e0ng b\u00e0i b\u1ea3n, v\u00e0 \u0111\u1eb7c bi\u1ec7t l\u00e0 li\u00ean t\u1ee5c c\u1eadp nh\u1eadt tr\u00f2 ch\u01a1i m\u1edbi, ph\u00f9 h\u1ee3p th\u1ecb hi\u1ebfu ng\u01b0\u1eddi Vi\u1ec7t.<\/p>\n<p><strong>S\u1ee9 M\u1ec7nh V\u00e0 T\u1ea7m Nh\u00ecn C\u1ee7a LUCK8<\/strong><\/p>\n<p>LUCK8 x\u00e1c \u0111\u1ecbnh s\u1ee9 m\u1ec7nh c\u1ee7a m\u00ecnh kh\u00f4ng ch\u1ec9 l\u00e0 \u201cm\u1ed9t nh\u00e0 c\u00e1i\u201d, m\u00e0 c\u00f2n l\u00e0 m\u1ed9t ng\u01b0\u1eddi b\u1ea1n \u0111\u1ed3ng h\u00e0nh \u0111\u00e1ng tin c\u1eady trong h\u00e0nh tr\u00ecnh gi\u1ea3i tr\u00ed c\u1ee7a anh em. M\u1ed7i tr\u00f2 ch\u01a1i, m\u1ed7i ch\u01b0\u01a1ng tr\u00ecnh khuy\u1ebfn m\u00e3i, m\u1ed7i t\u00ednh n\u0103ng \u0111\u01b0\u1ee3c ph\u00e1t tri\u1ec3n \u0111\u1ec1u nh\u1eb1m mang l\u1ea1i tr\u1ea3i nghi\u1ec7m tr\u1ecdn v\u1eb9n \u2013 t\u1eeb c\u1ea3m gi\u00e1c h\u1ed3i h\u1ed9p khi \u0111\u1eb7t c\u01b0\u1ee3c \u0111\u1ebfn s\u1ef1 h\u00e0i l\u00f2ng khi th\u1eafng l\u1edbn.<\/p>\n<p>T\u1ea7m nh\u00ecn c\u1ee7a LUCK8 l\u00e0 tr\u1edf th\u00e0nh m\u1ed9t trong nh\u1eefng nh\u00e0 c\u00e1i d\u1eabn \u0111\u1ea7u khu v\u1ef1c \u0110\u00f4ng Nam \u00c1, kh\u00f4ng ch\u1ec9 v\u1ec1 s\u1ed1 l\u01b0\u1ee3ng ng\u01b0\u1eddi ch\u01a1i m\u00e0 c\u00f2n v\u1ec1 ch\u1ea5t l\u01b0\u1ee3ng d\u1ecbch v\u1ee5 v\u00e0 t\u00ednh minh b\u1ea1ch trong v\u1eadn h\u00e0nh. \u0110\u1ec3 \u0111\u1ea1t \u0111\u01b0\u1ee3c \u0111i\u1ec1u \u0111\u00f3, nh\u00e0 c\u00e1i lu\u00f4n \u0111\u1eb7t ng\u01b0\u1eddi d\u00f9ng l\u00e0m trung t\u00e2m, li\u00ean t\u1ee5c \u0111\u1ed5i m\u1edbi v\u00e0 ho\u00e0n thi\u1ec7n.<\/p>\n<p>&nbsp;<\/p>\n\t\t<\/div>\n\t\t\t\t\t<\/div>\n\n\t\n<\/div>\n","protected":false},"excerpt":{"rendered":"","protected":false},"author":1,"featured_media":0,"parent":0,"menu_order":0,"comment_status":"closed","ping_status":"closed","template":"page-blank.php","meta":{"footnotes":""},"class_list":["post-13","page","type-page","status-publish","hentry"],"_links":{"self":[{"href":"https:\/\/luck8hn.com\/index.php\/wp-json\/wp\/v2\/pages\/13","targetHints":{"allow":["GET"]}}],"collection":[{"href":"https:\/\/luck8hn.com\/index.php\/wp-json\/wp\/v2\/pages"}],"about":[{"href":"https:\/\/luck8hn.com\/index.php\/wp-json\/wp\/v2\/types\/page"}],"author":[{"embeddable":true,"href":"https:\/\/luck8hn.com\/index.php\/wp-json\/wp\/v2\/users\/1"}],"replies":[{"embeddable":true,"href":"https:\/\/luck8hn.com\/index.php\/wp-json\/wp\/v2\/comments?post=13"}],"version-history":[{"count":2,"href":"https:\/\/luck8hn.com\/index.php\/wp-json\/wp\/v2\/pages\/13\/revisions"}],"predecessor-version":[{"id":16,"href":"https:\/\/luck8hn.com\/index.php\/wp-json\/wp\/v2\/pages\/13\/revisions\/16"}],"wp:attachment":[{"href":"https:\/\/luck8hn.com\/index.php\/wp-json\/wp\/v2\/media?parent=13"}],"curies":[{"name":"wp","href":"https:\/\/api.w.org\/{rel}","templated":true}]}}